{"id":414,"date":"2016-12-08T18:03:30","date_gmt":"2016-12-08T20:03:30","guid":{"rendered":"https:\/\/tuttoilmondo.com.br\/sandbox\/artemis?page_id=414"},"modified":"2019-10-25T17:15:20","modified_gmt":"2019-10-25T20:15:20","slug":"contato","status":"publish","type":"page","link":"https:\/\/tuttoilmondo.com.br\/sandbox\/artemis\/contato\/","title":{"rendered":"Contato"},"content":{"rendered":"<div data-test='contact-form' id='contact-form-414' class='wp-block-jetpack-contact-form-container '>\n<form action='https:\/\/tuttoilmondo.com.br\/sandbox\/artemis\/contato\/#contact-form-414' method='post' class='contact-form commentsblock'>\n<script>\n\t\t\t( function () {\n\t\t\t\tconst contact_forms = document.getElementsByClassName('contact-form');\n\n\t\t\t\tfor ( const form of contact_forms ) {\n\t\t\t\t\tform.onsubmit = function() {\n\t\t\t\t\t\tconst buttons = form.getElementsByTagName('button');\n\n\t\t\t\t\t\tfor( const button of buttons ) {\n\t\t\t\t\t\t\tbutton.setAttribute('disabled', true);\n\t\t\t\t\t\t}\n\t\t\t\t\t}\n\t\t\t\t}\n\t\t\t} )();\n\t\t<\/script>\n<div style=\"\" class='grunion-field-name-wrap grunion-field-wrap'  >\n<label\n\t\t\t\tfor='g414-nome'\n\t\t\t\tclass='grunion-field-label name'>Nome<span>(obrigat\u00f3rio)<\/span><\/label>\n<input\n\t\t\t\t\ttype='text'\n\t\t\t\t\tname='g414-nome'\n\t\t\t\t\tid='g414-nome'\n\t\t\t\t\tvalue=''\n\t\t\t\t\tclass='name  grunion-field' \n\t\t\t\t\trequired aria-required='true' \/>\n\t<\/div>\n\n<div style=\"\" class='grunion-field-email-wrap grunion-field-wrap'  >\n<label\n\t\t\t\tfor='g414-email'\n\t\t\t\tclass='grunion-field-label email'>E-mail<span>(obrigat\u00f3rio)<\/span><\/label>\n<input\n\t\t\t\t\ttype='email'\n\t\t\t\t\tname='g414-email'\n\t\t\t\t\tid='g414-email'\n\t\t\t\t\tvalue=''\n\t\t\t\t\tclass='email  grunion-field' \n\t\t\t\t\trequired aria-required='true' \/>\n\t<\/div>\n\n<div style=\"\" class='grunion-field-text-wrap grunion-field-wrap'  >\n<label\n\t\t\t\tfor='g414-assunto'\n\t\t\t\tclass='grunion-field-label text'>Assunto<span>(obrigat\u00f3rio)<\/span><\/label>\n<input\n\t\t\t\t\ttype='text'\n\t\t\t\t\tname='g414-assunto'\n\t\t\t\t\tid='g414-assunto'\n\t\t\t\t\tvalue=''\n\t\t\t\t\tclass='text  grunion-field' \n\t\t\t\t\trequired aria-required='true' \/>\n\t<\/div>\n\n<div style=\"\" class='grunion-field-url-wrap grunion-field-wrap'  >\n<label\n\t\t\t\tfor='g414-site'\n\t\t\t\tclass='grunion-field-label url'>Site<\/label>\n<input\n\t\t\t\t\ttype='text'\n\t\t\t\t\tname='g414-site'\n\t\t\t\t\tid='g414-site'\n\t\t\t\t\tvalue=''\n\t\t\t\t\tclass='url  grunion-field' \n\t\t\t\t\ttitle=\"Digite um URL v\u00e1lido - https:\/\/www.exemplo.com\" oninvalid=\"setCustomValidity(&quot;Digite um URL v\u00e1lido - https:\/\/www.exemplo.com&quot;)\" oninput=\"setCustomValidity(&quot;&quot;)\" pattern=\"(([:\\\/a-zA-Z0-9_\\-]+)?(\\.[a-zA-Z0-9_\\-\\\/]+)+)\" data-type-override=\"url\"  \/>\n\t<\/div>\n\n<div style=\"\" class='grunion-field-textarea-wrap grunion-field-wrap'  >\n<label\n\t\t\t\tfor='contact-form-comment-g414-mensagem'\n\t\t\t\tclass='grunion-field-label textarea'>Mensagem<span>(obrigat\u00f3rio)<\/span><\/label>\n<textarea\n\t\t                style=''\n\t\t                name='g414-mensagem'\n\t\t                id='contact-form-comment-g414-mensagem'\n\t\t                rows='20' class='textarea  grunion-field'  required aria-required='true'><\/textarea>\n\t<\/div>\n\t<p class='contact-submit'>\n\t\t<button type='submit' class='pushbutton-wide'>Enviar<\/button>\t\t<input type='hidden' name='contact-form-id' value='414' \/>\n\t\t<input type='hidden' name='action' value='grunion-contact-form' \/>\n\t\t<input type='hidden' name='contact-form-hash' value='a6c54ce2920d2da3148fa3c47988b50aaac9b028' \/>\n\t<\/p>\n<p style=\"display: none !important;\"><label>&#916;<textarea name=\"ak_hp_textarea\" cols=\"45\" rows=\"8\" maxlength=\"100\"><\/textarea><\/label><input type=\"hidden\" id=\"ak_js_1\" name=\"ak_js\" value=\"204\"\/><script>document.getElementById( \"ak_js_1\" ).setAttribute( \"value\", ( new Date() ).getTime() );<\/script><\/p><\/form>\n<\/div>\n<hr \/>\n<p style=\"text-align: justify;\">Bandas que queiram seus materiais avaliados pela nossa equipe: entrem em contato conosco pelo e-mail <a href=\"mailto:contact@artemisrocknews.com\" target=\"_blank\" rel=\"noopener noreferrer\"><strong>contact@artemisrocknews.com<\/strong><\/a>.<\/p>\n<p style=\"text-align: justify;\">Para envio de <em>press releases<\/em>, notas e outros materiais de imprensa, nos contate pelo email\u00a0<strong><a href=\"mailto:news@artemisrocknews.com\" target=\"_blank\" rel=\"noopener noreferrer\">news@artemisrocknews.com<\/a>.<\/strong><\/p>\n<p><strong>Webmaster:\u00a0<\/strong><a href=\"mailto:webmaster@artemisrocknews.com\" target=\"_blank\" rel=\"noopener noreferrer\">webmaster@artemisrocknews.com<\/a><\/p>\n","protected":false},"excerpt":{"rendered":"<p>Bandas que queiram seus materiais avaliados pela nossa equipe: entrem em contato conosco pelo e-mail contact@artemisrocknews.com. Para envio de press releases, notas e outros materiais de imprensa, nos contate pelo email\u00a0news@artemisrocknews.com. Webmaster:\u00a0webmaster@artemisrocknews.com<\/p>\n","protected":false},"author":1,"featured_media":0,"parent":0,"menu_order":0,"comment_status":"closed","ping_status":"closed","template":"","meta":{"jetpack_post_was_ever_published":false},"acf":[],"yoast_head":"<!-- This site is optimized with the Yoast SEO plugin v20.9 - https:\/\/yoast.com\/wordpress\/plugins\/seo\/ -->\n<title>Contato - Artemis Rock News<\/title>\n<meta name=\"robots\" content=\"index, follow, max-snippet:-1, max-image-preview:large, max-video-preview:-1\" \/>\n<link rel=\"canonical\" href=\"https:\/\/tuttoilmondo.com.br\/sandbox\/artemis\/contato\/\" \/>\n<meta property=\"og:locale\" content=\"pt_BR\" \/>\n<meta property=\"og:type\" content=\"article\" \/>\n<meta property=\"og:title\" content=\"Contato - Artemis Rock News\" \/>\n<meta property=\"og:description\" content=\"Bandas que queiram seus materiais avaliados pela nossa equipe: entrem em contato conosco pelo e-mail contact@artemisrocknews.com. Para envio de press releases, notas e outros materiais de imprensa, nos contate pelo email\u00a0news@artemisrocknews.com. Webmaster:\u00a0webmaster@artemisrocknews.com\" \/>\n<meta property=\"og:url\" content=\"https:\/\/tuttoilmondo.com.br\/sandbox\/artemis\/contato\/\" \/>\n<meta property=\"og:site_name\" content=\"Artemis Rock News\" \/>\n<meta property=\"article:publisher\" content=\"http:\/\/www.facebook.com\/artemisrocknews\" \/>\n<meta property=\"article:modified_time\" content=\"2019-10-25T20:15:20+00:00\" \/>\n<meta name=\"twitter:card\" content=\"summary_large_image\" \/>\n<meta name=\"twitter:site\" content=\"@artemisrocknews\" \/>\n<script type=\"application\/ld+json\" class=\"yoast-schema-graph\">{\"@context\":\"https:\/\/schema.org\",\"@graph\":[{\"@type\":\"WebPage\",\"@id\":\"https:\/\/tuttoilmondo.com.br\/sandbox\/artemis\/contato\/\",\"url\":\"https:\/\/tuttoilmondo.com.br\/sandbox\/artemis\/contato\/\",\"name\":\"Contato - Artemis Rock News\",\"isPartOf\":{\"@id\":\"https:\/\/tuttoilmondo.com.br\/sandbox\/artemis\/#website\"},\"datePublished\":\"2016-12-08T20:03:30+00:00\",\"dateModified\":\"2019-10-25T20:15:20+00:00\",\"breadcrumb\":{\"@id\":\"https:\/\/tuttoilmondo.com.br\/sandbox\/artemis\/contato\/#breadcrumb\"},\"inLanguage\":\"pt-BR\",\"potentialAction\":[{\"@type\":\"ReadAction\",\"target\":[\"https:\/\/tuttoilmondo.com.br\/sandbox\/artemis\/contato\/\"]}]},{\"@type\":\"BreadcrumbList\",\"@id\":\"https:\/\/tuttoilmondo.com.br\/sandbox\/artemis\/contato\/#breadcrumb\",\"itemListElement\":[{\"@type\":\"ListItem\",\"position\":1,\"name\":\"In\u00edcio\",\"item\":\"https:\/\/tuttoilmondo.com.br\/sandbox\/artemis\/\"},{\"@type\":\"ListItem\",\"position\":2,\"name\":\"Contato\"}]},{\"@type\":\"WebSite\",\"@id\":\"https:\/\/tuttoilmondo.com.br\/sandbox\/artemis\/#website\",\"url\":\"https:\/\/tuttoilmondo.com.br\/sandbox\/artemis\/\",\"name\":\"Artemis Rock News\",\"description\":\"Do rock cl\u00e1ssico ao metal extremo, sem preconceito.\",\"potentialAction\":[{\"@type\":\"SearchAction\",\"target\":{\"@type\":\"EntryPoint\",\"urlTemplate\":\"https:\/\/tuttoilmondo.com.br\/sandbox\/artemis\/?s={search_term_string}\"},\"query-input\":\"required name=search_term_string\"}],\"inLanguage\":\"pt-BR\"}]}<\/script>\n<!-- \/ Yoast SEO plugin. -->","yoast_head_json":{"title":"Contato - Artemis Rock News","robots":{"index":"index","follow":"follow","max-snippet":"max-snippet:-1","max-image-preview":"max-image-preview:large","max-video-preview":"max-video-preview:-1"},"canonical":"https:\/\/tuttoilmondo.com.br\/sandbox\/artemis\/contato\/","og_locale":"pt_BR","og_type":"article","og_title":"Contato - Artemis Rock News","og_description":"Bandas que queiram seus materiais avaliados pela nossa equipe: entrem em contato conosco pelo e-mail contact@artemisrocknews.com. Para envio de press releases, notas e outros materiais de imprensa, nos contate pelo email\u00a0news@artemisrocknews.com. Webmaster:\u00a0webmaster@artemisrocknews.com","og_url":"https:\/\/tuttoilmondo.com.br\/sandbox\/artemis\/contato\/","og_site_name":"Artemis Rock News","article_publisher":"http:\/\/www.facebook.com\/artemisrocknews","article_modified_time":"2019-10-25T20:15:20+00:00","twitter_card":"summary_large_image","twitter_site":"@artemisrocknews","schema":{"@context":"https:\/\/schema.org","@graph":[{"@type":"WebPage","@id":"https:\/\/tuttoilmondo.com.br\/sandbox\/artemis\/contato\/","url":"https:\/\/tuttoilmondo.com.br\/sandbox\/artemis\/contato\/","name":"Contato - Artemis Rock News","isPartOf":{"@id":"https:\/\/tuttoilmondo.com.br\/sandbox\/artemis\/#website"},"datePublished":"2016-12-08T20:03:30+00:00","dateModified":"2019-10-25T20:15:20+00:00","breadcrumb":{"@id":"https:\/\/tuttoilmondo.com.br\/sandbox\/artemis\/contato\/#breadcrumb"},"inLanguage":"pt-BR","potentialAction":[{"@type":"ReadAction","target":["https:\/\/tuttoilmondo.com.br\/sandbox\/artemis\/contato\/"]}]},{"@type":"BreadcrumbList","@id":"https:\/\/tuttoilmondo.com.br\/sandbox\/artemis\/contato\/#breadcrumb","itemListElement":[{"@type":"ListItem","position":1,"name":"In\u00edcio","item":"https:\/\/tuttoilmondo.com.br\/sandbox\/artemis\/"},{"@type":"ListItem","position":2,"name":"Contato"}]},{"@type":"WebSite","@id":"https:\/\/tuttoilmondo.com.br\/sandbox\/artemis\/#website","url":"https:\/\/tuttoilmondo.com.br\/sandbox\/artemis\/","name":"Artemis Rock News","description":"Do rock cl\u00e1ssico ao metal extremo, sem preconceito.","potentialAction":[{"@type":"SearchAction","target":{"@type":"EntryPoint","urlTemplate":"https:\/\/tuttoilmondo.com.br\/sandbox\/artemis\/?s={search_term_string}"},"query-input":"required name=search_term_string"}],"inLanguage":"pt-BR"}]}},"jetpack_shortlink":"https:\/\/wp.me\/P7WOEw-6G","jetpack_sharing_enabled":true,"jetpack-related-posts":[{"id":818,"url":"https:\/\/tuttoilmondo.com.br\/sandbox\/artemis\/equipe\/","url_meta":{"origin":414,"position":0},"title":"Equipe","author":"admin","date":"30 de janeiro de 2017","format":false,"excerpt":"A Artemis Rock News \u00e9 uma revista online especializada em rock \u2018n\u2019 roll e suas vertentes. Formada por uma equipe experiente e apaixonada por m\u00fasica, nosso objetivo \u00e9 ir al\u00e9m da not\u00edcia, produzindo conte\u00fado relevante e de qualidade. Queremos oferecer ao leitor uma experi\u00eancia multim\u00eddia e multiplataforma, facilitando o acesso\u2026","rel":"","context":"Post similar","block_context":{"text":"Post similar","link":""},"img":{"alt_text":"","src":"","width":0,"height":0},"classes":[]},{"id":1342,"url":"https:\/\/tuttoilmondo.com.br\/sandbox\/artemis\/sobre\/","url_meta":{"origin":414,"position":1},"title":"Sobre","author":"Willian Jhonnes","date":"17 de abril de 2017","format":false,"excerpt":"Equipe Contato","rel":"","context":"Post similar","block_context":{"text":"Post similar","link":""},"img":{"alt_text":"","src":"","width":0,"height":0},"classes":[]}],"_links":{"self":[{"href":"https:\/\/tuttoilmondo.com.br\/sandbox\/artemis\/wp-json\/wp\/v2\/pages\/414"}],"collection":[{"href":"https:\/\/tuttoilmondo.com.br\/sandbox\/artemis\/wp-json\/wp\/v2\/pages"}],"about":[{"href":"https:\/\/tuttoilmondo.com.br\/sandbox\/artemis\/wp-json\/wp\/v2\/types\/page"}],"author":[{"embeddable":true,"href":"https:\/\/tuttoilmondo.com.br\/sandbox\/artemis\/wp-json\/wp\/v2\/users\/1"}],"replies":[{"embeddable":true,"href":"https:\/\/tuttoilmondo.com.br\/sandbox\/artemis\/wp-json\/wp\/v2\/comments?post=414"}],"version-history":[{"count":1,"href":"https:\/\/tuttoilmondo.com.br\/sandbox\/artemis\/wp-json\/wp\/v2\/pages\/414\/revisions"}],"predecessor-version":[{"id":2717,"href":"https:\/\/tuttoilmondo.com.br\/sandbox\/artemis\/wp-json\/wp\/v2\/pages\/414\/revisions\/2717"}],"wp:attachment":[{"href":"https:\/\/tuttoilmondo.com.br\/sandbox\/artemis\/wp-json\/wp\/v2\/media?parent=414"}],"curies":[{"name":"wp","href":"https:\/\/api.w.org\/{rel}","templated":true}]}}