{"id":818,"date":"2017-01-30T17:56:33","date_gmt":"2017-01-30T19:56:33","guid":{"rendered":"https:\/\/tuttoilmondo.com.br\/sandbox\/artemis?page_id=818"},"modified":"2019-10-25T17:15:51","modified_gmt":"2019-10-25T20:15:51","slug":"equipe","status":"publish","type":"page","link":"https:\/\/tuttoilmondo.com.br\/sandbox\/artemis\/equipe\/","title":{"rendered":"Equipe"},"content":{"rendered":"<p style=\"text-align: justify;\">A <strong>Artemis Rock News<\/strong> \u00e9 uma revista online especializada em rock \u2018n\u2019 roll e suas vertentes. Formada por uma equipe experiente e apaixonada por m\u00fasica, nosso objetivo \u00e9 ir al\u00e9m da not\u00edcia, produzindo conte\u00fado relevante e de qualidade.<\/p>\n<p style=\"text-align: justify;\">Queremos oferecer ao leitor uma experi\u00eancia multim\u00eddia e multiplataforma, facilitando o acesso ao\u00a0conte\u00fado no seu computador, tablete e smartphone, al\u00e9m de interagir com o p\u00fablico atrav\u00e9s das redes sociais.<\/p>\n<p>Bandas, enviem seus materiais para o <strong><a href=\"mailto:contact@artemisrocknews.com\">contact@artemisrocknews.com<\/a><\/strong><\/p>\n<p>Assessorias, enviem seus releases para o<strong> <a href=\"mailto:news@artemisrocknews.com\">news@artemisrocknews.com<\/a><\/strong><\/p>\n<div class=\"tmm tmm_2236\"><div class=\"tmm_3_columns tmm_wrap tmm_theme_f\"><\/div><\/div><\/div>\n","protected":false},"excerpt":{"rendered":"<p>A Artemis Rock News \u00e9 uma revista online especializada em rock \u2018n\u2019 roll e suas vertentes. Formada por uma equipe experiente e apaixonada por m\u00fasica, nosso objetivo \u00e9 ir al\u00e9m da not\u00edcia, produzindo conte\u00fado relevante e de qualidade. Queremos oferecer ao leitor uma experi\u00eancia multim\u00eddia e multiplataforma, facilitando o acesso ao\u00a0conte\u00fado no seu computador, tablete [&hellip;]<\/p>\n","protected":false},"author":1,"featured_media":0,"parent":0,"menu_order":0,"comment_status":"closed","ping_status":"closed","template":"","meta":{"jetpack_post_was_ever_published":false},"acf":[],"yoast_head":"<!-- This site is optimized with the Yoast SEO plugin v20.9 - https:\/\/yoast.com\/wordpress\/plugins\/seo\/ -->\n<title>Equipe - Artemis Rock News<\/title>\n<meta name=\"robots\" content=\"index, follow, max-snippet:-1, max-image-preview:large, max-video-preview:-1\" \/>\n<link rel=\"canonical\" href=\"https:\/\/tuttoilmondo.com.br\/sandbox\/artemis\/equipe\/\" \/>\n<meta property=\"og:locale\" content=\"pt_BR\" \/>\n<meta property=\"og:type\" content=\"article\" \/>\n<meta property=\"og:title\" content=\"Equipe - Artemis Rock News\" \/>\n<meta property=\"og:description\" content=\"A Artemis Rock News \u00e9 uma revista online especializada em rock \u2018n\u2019 roll e suas vertentes. Formada por uma equipe experiente e apaixonada por m\u00fasica, nosso objetivo \u00e9 ir al\u00e9m da not\u00edcia, produzindo conte\u00fado relevante e de qualidade. Queremos oferecer ao leitor uma experi\u00eancia multim\u00eddia e multiplataforma, facilitando o acesso ao\u00a0conte\u00fado no seu computador, tablete [&hellip;]\" \/>\n<meta property=\"og:url\" content=\"https:\/\/tuttoilmondo.com.br\/sandbox\/artemis\/equipe\/\" \/>\n<meta property=\"og:site_name\" content=\"Artemis Rock News\" \/>\n<meta property=\"article:publisher\" content=\"http:\/\/www.facebook.com\/artemisrocknews\" \/>\n<meta property=\"article:modified_time\" content=\"2019-10-25T20:15:51+00:00\" \/>\n<meta name=\"twitter:card\" content=\"summary_large_image\" \/>\n<meta name=\"twitter:site\" content=\"@artemisrocknews\" \/>\n<script type=\"application\/ld+json\" class=\"yoast-schema-graph\">{\"@context\":\"https:\/\/schema.org\",\"@graph\":[{\"@type\":\"WebPage\",\"@id\":\"https:\/\/tuttoilmondo.com.br\/sandbox\/artemis\/equipe\/\",\"url\":\"https:\/\/tuttoilmondo.com.br\/sandbox\/artemis\/equipe\/\",\"name\":\"Equipe - Artemis Rock News\",\"isPartOf\":{\"@id\":\"https:\/\/tuttoilmondo.com.br\/sandbox\/artemis\/#website\"},\"datePublished\":\"2017-01-30T19:56:33+00:00\",\"dateModified\":\"2019-10-25T20:15:51+00:00\",\"breadcrumb\":{\"@id\":\"https:\/\/tuttoilmondo.com.br\/sandbox\/artemis\/equipe\/#breadcrumb\"},\"inLanguage\":\"pt-BR\",\"potentialAction\":[{\"@type\":\"ReadAction\",\"target\":[\"https:\/\/tuttoilmondo.com.br\/sandbox\/artemis\/equipe\/\"]}]},{\"@type\":\"BreadcrumbList\",\"@id\":\"https:\/\/tuttoilmondo.com.br\/sandbox\/artemis\/equipe\/#breadcrumb\",\"itemListElement\":[{\"@type\":\"ListItem\",\"position\":1,\"name\":\"In\u00edcio\",\"item\":\"https:\/\/tuttoilmondo.com.br\/sandbox\/artemis\/\"},{\"@type\":\"ListItem\",\"position\":2,\"name\":\"Equipe\"}]},{\"@type\":\"WebSite\",\"@id\":\"https:\/\/tuttoilmondo.com.br\/sandbox\/artemis\/#website\",\"url\":\"https:\/\/tuttoilmondo.com.br\/sandbox\/artemis\/\",\"name\":\"Artemis Rock News\",\"description\":\"Do rock cl\u00e1ssico ao metal extremo, sem preconceito.\",\"potentialAction\":[{\"@type\":\"SearchAction\",\"target\":{\"@type\":\"EntryPoint\",\"urlTemplate\":\"https:\/\/tuttoilmondo.com.br\/sandbox\/artemis\/?s={search_term_string}\"},\"query-input\":\"required name=search_term_string\"}],\"inLanguage\":\"pt-BR\"}]}<\/script>\n<!-- \/ Yoast SEO plugin. -->","yoast_head_json":{"title":"Equipe - Artemis Rock News","robots":{"index":"index","follow":"follow","max-snippet":"max-snippet:-1","max-image-preview":"max-image-preview:large","max-video-preview":"max-video-preview:-1"},"canonical":"https:\/\/tuttoilmondo.com.br\/sandbox\/artemis\/equipe\/","og_locale":"pt_BR","og_type":"article","og_title":"Equipe - Artemis Rock News","og_description":"A Artemis Rock News \u00e9 uma revista online especializada em rock \u2018n\u2019 roll e suas vertentes. Formada por uma equipe experiente e apaixonada por m\u00fasica, nosso objetivo \u00e9 ir al\u00e9m da not\u00edcia, produzindo conte\u00fado relevante e de qualidade. Queremos oferecer ao leitor uma experi\u00eancia multim\u00eddia e multiplataforma, facilitando o acesso ao\u00a0conte\u00fado no seu computador, tablete [&hellip;]","og_url":"https:\/\/tuttoilmondo.com.br\/sandbox\/artemis\/equipe\/","og_site_name":"Artemis Rock News","article_publisher":"http:\/\/www.facebook.com\/artemisrocknews","article_modified_time":"2019-10-25T20:15:51+00:00","twitter_card":"summary_large_image","twitter_site":"@artemisrocknews","schema":{"@context":"https:\/\/schema.org","@graph":[{"@type":"WebPage","@id":"https:\/\/tuttoilmondo.com.br\/sandbox\/artemis\/equipe\/","url":"https:\/\/tuttoilmondo.com.br\/sandbox\/artemis\/equipe\/","name":"Equipe - Artemis Rock News","isPartOf":{"@id":"https:\/\/tuttoilmondo.com.br\/sandbox\/artemis\/#website"},"datePublished":"2017-01-30T19:56:33+00:00","dateModified":"2019-10-25T20:15:51+00:00","breadcrumb":{"@id":"https:\/\/tuttoilmondo.com.br\/sandbox\/artemis\/equipe\/#breadcrumb"},"inLanguage":"pt-BR","potentialAction":[{"@type":"ReadAction","target":["https:\/\/tuttoilmondo.com.br\/sandbox\/artemis\/equipe\/"]}]},{"@type":"BreadcrumbList","@id":"https:\/\/tuttoilmondo.com.br\/sandbox\/artemis\/equipe\/#breadcrumb","itemListElement":[{"@type":"ListItem","position":1,"name":"In\u00edcio","item":"https:\/\/tuttoilmondo.com.br\/sandbox\/artemis\/"},{"@type":"ListItem","position":2,"name":"Equipe"}]},{"@type":"WebSite","@id":"https:\/\/tuttoilmondo.com.br\/sandbox\/artemis\/#website","url":"https:\/\/tuttoilmondo.com.br\/sandbox\/artemis\/","name":"Artemis Rock News","description":"Do rock cl\u00e1ssico ao metal extremo, sem preconceito.","potentialAction":[{"@type":"SearchAction","target":{"@type":"EntryPoint","urlTemplate":"https:\/\/tuttoilmondo.com.br\/sandbox\/artemis\/?s={search_term_string}"},"query-input":"required name=search_term_string"}],"inLanguage":"pt-BR"}]}},"jetpack_shortlink":"https:\/\/wp.me\/P7WOEw-dc","jetpack_sharing_enabled":true,"jetpack-related-posts":[{"id":414,"url":"https:\/\/tuttoilmondo.com.br\/sandbox\/artemis\/contato\/","url_meta":{"origin":818,"position":0},"title":"Contato","author":"admin","date":"8 de dezembro de 2016","format":false,"excerpt":"Bandas que queiram seus materiais avaliados pela nossa equipe: entrem em contato conosco pelo e-mail contact@artemisrocknews.com. Para envio de press releases, notas e outros materiais de imprensa, nos contate pelo email\u00a0news@artemisrocknews.com. Webmaster:\u00a0webmaster@artemisrocknews.com","rel":"","context":"Post similar","block_context":{"text":"Post similar","link":""},"img":{"alt_text":"","src":"","width":0,"height":0},"classes":[]},{"id":1342,"url":"https:\/\/tuttoilmondo.com.br\/sandbox\/artemis\/sobre\/","url_meta":{"origin":818,"position":1},"title":"Sobre","author":"Willian Jhonnes","date":"17 de abril de 2017","format":false,"excerpt":"Equipe Contato","rel":"","context":"Post similar","block_context":{"text":"Post similar","link":""},"img":{"alt_text":"","src":"","width":0,"height":0},"classes":[]}],"_links":{"self":[{"href":"https:\/\/tuttoilmondo.com.br\/sandbox\/artemis\/wp-json\/wp\/v2\/pages\/818"}],"collection":[{"href":"https:\/\/tuttoilmondo.com.br\/sandbox\/artemis\/wp-json\/wp\/v2\/pages"}],"about":[{"href":"https:\/\/tuttoilmondo.com.br\/sandbox\/artemis\/wp-json\/wp\/v2\/types\/page"}],"author":[{"embeddable":true,"href":"https:\/\/tuttoilmondo.com.br\/sandbox\/artemis\/wp-json\/wp\/v2\/users\/1"}],"replies":[{"embeddable":true,"href":"https:\/\/tuttoilmondo.com.br\/sandbox\/artemis\/wp-json\/wp\/v2\/comments?post=818"}],"version-history":[{"count":5,"href":"https:\/\/tuttoilmondo.com.br\/sandbox\/artemis\/wp-json\/wp\/v2\/pages\/818\/revisions"}],"predecessor-version":[{"id":2394,"href":"https:\/\/tuttoilmondo.com.br\/sandbox\/artemis\/wp-json\/wp\/v2\/pages\/818\/revisions\/2394"}],"wp:attachment":[{"href":"https:\/\/tuttoilmondo.com.br\/sandbox\/artemis\/wp-json\/wp\/v2\/media?parent=818"}],"curies":[{"name":"wp","href":"https:\/\/api.w.org\/{rel}","templated":true}]}}